{"id":185,"date":"2025-11-05T13:14:47","date_gmt":"2025-11-05T10:14:47","guid":{"rendered":"https:\/\/www.kmukapadokya.com\/en\/hakkimizda\/"},"modified":"2025-11-16T00:41:15","modified_gmt":"2025-11-15T21:41:15","slug":"about-us","status":"publish","type":"page","link":"https:\/\/www.kmukapadokya.com\/en\/about-us","title":{"rendered":"About Us"},"content":{"rendered":"\t\t<div data-elementor-type=\"wp-page\" data-elementor-id=\"185\" class=\"elementor elementor-185\" data-elementor-post-type=\"page\">\n\t\t\t\t<div class=\"elementor-element elementor-element-2534cd07 e-flex e-con-boxed e-con e-parent\" data-id=\"2534cd07\" data-element_type=\"container\">\n\t\t\t\t\t<div class=\"e-con-inner\">\n\t\t\t\t<div class=\"elementor-element elementor-element-540b98ea elementor-widget elementor-widget-html\" data-id=\"540b98ea\" data-element_type=\"widget\" data-widget_type=\"html.default\">\n\t\t\t\t\t<nav aria-label=\"breadcrumbs\" class=\"rank-math-breadcrumb\"><p><span class=\"last\">Home<\/span><\/p><\/nav>\t\t\t\t<\/div>\n\t\t\t\t\t<\/div>\n\t\t\t\t<\/div>\n\t\t<div class=\"elementor-element elementor-element-e2bd8c3 e-flex e-con-boxed e-con e-parent\" data-id=\"e2bd8c3\" data-element_type=\"container\">\n\t\t\t\t\t<div class=\"e-con-inner\">\n\t\t<div class=\"elementor-element elementor-element-43fc475b e-con-full e-flex e-con e-child\" data-id=\"43fc475b\" data-element_type=\"container\">\n\t\t\t\t<div class=\"elementor-element elementor-element-59055f7f elementor-widget elementor-widget-image\" data-id=\"59055f7f\" data-element_type=\"widget\" data-widget_type=\"image.default\">\n\t\t\t\t\t\t\t\t\t\t\t\t\t\t\t<img fetchpriority=\"high\" decoding=\"async\" width=\"768\" height=\"648\" src=\"https:\/\/www.kmukapadokya.com\/en\/wp-content\/uploads\/2025\/11\/adsfd-768x648-1-1.webp\" class=\"attachment-large size-large wp-image-187\" alt=\"\" srcset=\"https:\/\/www.kmukapadokya.com\/en\/wp-content\/uploads\/2025\/11\/adsfd-768x648-1-1.webp 768w, https:\/\/www.kmukapadokya.com\/en\/wp-content\/uploads\/2025\/11\/adsfd-768x648-1-1-300x253.webp 300w, https:\/\/www.kmukapadokya.com\/en\/wp-content\/uploads\/2025\/11\/adsfd-768x648-1-1-24x20.webp 24w, https:\/\/www.kmukapadokya.com\/en\/wp-content\/uploads\/2025\/11\/adsfd-768x648-1-1-36x30.webp 36w, https:\/\/www.kmukapadokya.com\/en\/wp-content\/uploads\/2025\/11\/adsfd-768x648-1-1-48x41.webp 48w\" sizes=\"(max-width: 768px) 100vw, 768px\" \/>\t\t\t\t\t\t\t\t\t\t\t\t\t\t\t<\/div>\n\t\t\t\t<\/div>\n\t\t<div class=\"elementor-element elementor-element-21702891 e-con-full e-flex e-con e-child\" data-id=\"21702891\" data-element_type=\"container\">\n\t\t\t\t<div class=\"elementor-element elementor-element-2c126ea4 elementor-headline--style-highlight elementor-widget elementor-widget-animated-headline\" data-id=\"2c126ea4\" data-element_type=\"widget\" data-settings=\"{&quot;marker&quot;:&quot;double_underline&quot;,&quot;highlighted_text&quot;:&quot;ABOUT US&quot;,&quot;headline_style&quot;:&quot;highlight&quot;,&quot;loop&quot;:&quot;yes&quot;,&quot;highlight_animation_duration&quot;:1200,&quot;highlight_iteration_delay&quot;:8000}\" data-widget_type=\"animated-headline.default\">\n\t\t\t\t\t\t\t<h3 class=\"elementor-headline\">\n\t\t\t\t\t<span class=\"elementor-headline-plain-text elementor-headline-text-wrapper\">KMU Mehmet Usta<\/span>\n\t\t\t\t<span class=\"elementor-headline-dynamic-wrapper elementor-headline-text-wrapper\">\n\t\t\t\t\t<span class=\"elementor-headline-dynamic-text elementor-headline-text-active\">ABOUT US<\/span>\n\t\t\t\t<\/span>\n\t\t\t\t<\/h3>\n\t\t\t\t\t\t<\/div>\n\t\t\t\t<div class=\"elementor-element elementor-element-37bf93ac elementor-widget elementor-widget-text-editor\" data-id=\"37bf93ac\" data-element_type=\"widget\" data-widget_type=\"text-editor.default\">\n\t\t\t\t\t\t\t\t\t<p>With fifteen years of experience, we now serve customers in Cappadocia after Aksaray. As KMU Mehmet Usta, we combine our traditional culinary culture with contemporary presentation techniques to offer our guests a unique gastronomic experience.<\/p><p>Our Cappadocia branch is designed to blend in with the region&#8217;s unique natural beauty. With its modern architecture and comfortable atmosphere, we provide a relaxing dining environment for both individual guests and tour groups. Our experienced kitchen team carefully prepares traditional recipes using fresh ingredients sourced daily from local suppliers. Our professional service team is trained to international service standards and equipped to respond to the needs of guests from different cultures.<\/p><p>Our restaurant is ideally located for business dinners, family gatherings, and tourist groups. With our large seating capacity, private event areas, and panoramic terrace, we can host any kind of event. Our menu features the finest examples of our traditional cuisine, as well as alternatives that appeal to international tastes.<\/p><p>Our quality management system is fully compliant with food safety standards. Our hygiene protocols are regularly monitored and kept up to date. In line with our sustainable gastronomy approach, we prioritize working with local producers and environmentally friendly practices.<\/p>\t\t\t\t\t\t\t\t<\/div>\n\t\t\t\t<\/div>\n\t\t\t\t\t<\/div>\n\t\t\t\t<\/div>\n\t\t<div class=\"elementor-element elementor-element-58fad5ae e-flex e-con-boxed e-con e-parent\" data-id=\"58fad5ae\" data-element_type=\"container\">\n\t\t\t\t\t<div class=\"e-con-inner\">\n\t\t<div class=\"elementor-element elementor-element-351dd61d e-con-full e-flex e-con e-child\" data-id=\"351dd61d\" data-element_type=\"container\">\n\t\t\t\t<div class=\"elementor-element elementor-element-504ca405 elementor-widget elementor-widget-heading\" data-id=\"504ca405\" data-element_type=\"widget\" data-widget_type=\"heading.default\">\n\t\t\t\t\t<h3 class=\"elementor-heading-title elementor-size-default\">Our Vision<\/h3>\t\t\t\t<\/div>\n\t\t\t\t<div class=\"elementor-element elementor-element-3b148cd6 elementor-widget elementor-widget-text-editor\" data-id=\"3b148cd6\" data-element_type=\"widget\" data-widget_type=\"text-editor.default\">\n\t\t\t\t\t\t\t\t\t<p>In the magical atmosphere of Cappadocia, we want to be a point where world cuisines intersect. Our dream is to offer local flavors among the fairy chimneys at world-class standards, spreading our flavors far and wide with the wind blowing through the valleys.<\/p><p>Every guest who comes here brings a different story. Some from Japan, some from Istanbul&#8230; We want to give them all the same thing: an authentic Anatolian dining experience. But we&#8217;re not talking about clich\u00e9d tourist spots. We&#8217;re talking about grape molasses made from \u00dcrg\u00fcp&#8217;s vineyards, casseroles crafted by Avanos potters, and our chefs who use traditional recipes.<\/p><p>We know what tomorrow will bring. More people will come to Cappadocia. More languages will be spoken on its streets. We are preparing for this. Our staff is learning foreign languages, our kitchen is updating itself to suit global palates, but we are not losing our roots. With QR code menus and online reservations, we are not forgetting our main job: to feed people and make them happy.<\/p><p>We want to be the first name that comes to mind when someone asks, \u201cWhere to eat in Cappadocia?\u201d in five years. We aim to become a destination that both local and foreign guests say, \u201cYou must go here,\u201d a starred address in guidebooks and tagged on social media. And in doing so, we won&#8217;t lose the warmth of a neighborhood restaurant.<\/p><p>Because we know: technology changes, trends come and go, but good food and a warm welcome are always sought after.<\/p>\t\t\t\t\t\t\t\t<\/div>\n\t\t\t\t<\/div>\n\t\t<div class=\"elementor-element elementor-element-3a88b12e e-con-full e-flex e-con e-child\" data-id=\"3a88b12e\" data-element_type=\"container\">\n\t\t\t\t<div class=\"elementor-element elementor-element-1514ff41 elementor-widget elementor-widget-heading\" data-id=\"1514ff41\" data-element_type=\"widget\" data-widget_type=\"heading.default\">\n\t\t\t\t\t<h3 class=\"elementor-heading-title elementor-size-default\">Our Mission<\/h3>\t\t\t\t<\/div>\n\t\t\t\t<div class=\"elementor-element elementor-element-2a6fff7 elementor-widget elementor-widget-text-editor\" data-id=\"2a6fff7\" data-element_type=\"widget\" data-widget_type=\"text-editor.default\">\n\t\t\t\t\t\t\t\t\t<p>Every day, thousands of tourists come to Cappadocia. They ride hot air balloons, walk through the valleys, and explore the underground cities. And they get hungry. That&#8217;s where we come in.<\/p><p>Our mission is simple: to set a real Anatolian table for weary travelers. To serve hot soup to balloon passengers who get up early in the morning. To treat groups returning from horseback tours to a tandir kebab. To provide families with children a comfortable environment.<\/p><p>We source our ingredients fresh every morning. Our flatbreads are baked in a stone oven, our kebabs cooked over an open fire. Our chefs do their work with passion because for them, it&#8217;s not just a job\u2014it&#8217;s a family tradition. Our waitstaff can joke with tourists and play with children. Why? Because we are one big family, and everyone who walks through our door becomes part of that family.<\/p><p>Our prices are fair. We don&#8217;t rip anyone off thinking, \u201cThey&#8217;re just tourists, they won&#8217;t be back.\u201d Our portions are filling. If a customer asks for a half portion of manti, we can say, \u201cIf it&#8217;s not enough, let us know, and we&#8217;ll add more.\u201d<\/p><p>There are dozens of restaurants in Cappadocia, but we&#8217;re different. How? Come see for yourself. Have a meal once, and you&#8217;ll understand the difference. Then tell your friends. Share it on social media. Or don&#8217;t share it\u2014just come back.<\/p><p>The greatest reward for us is when our customers say, \u201cShould we come back tomorrow?\u201d That&#8217;s what we work for.<\/p>\t\t\t\t\t\t\t\t<\/div>\n\t\t\t\t<\/div>\n\t\t\t\t\t<\/div>\n\t\t\t\t<\/div>\n\t\t\t\t<section class=\"elementor-section elementor-top-section elementor-element elementor-element-5cd58560 elementor-section-full_width elementor-section-height-default elementor-section-height-default\" data-id=\"5cd58560\" data-element_type=\"section\">\n\t\t\t\t\t\t<div class=\"elementor-container elementor-column-gap-default\">\n\t\t\t\t\t<div class=\"elementor-column elementor-col-100 elementor-top-column elementor-element elementor-element-3d31a56e\" data-id=\"3d31a56e\" data-element_type=\"column\">\n\t\t\t<div class=\"elementor-widget-wrap elementor-element-populated\">\n\t\t\t\t\t\t<section class=\"elementor-section elementor-inner-section elementor-element elementor-element-7f082d22 elementor-section-content-middle elementor-section-boxed elementor-section-height-default elementor-section-height-default\" data-id=\"7f082d22\" data-element_type=\"section\" data-settings=\"{&quot;background_background&quot;:&quot;classic&quot;}\">\n\t\t\t\t\t\t<div class=\"elementor-container elementor-column-gap-default\">\n\t\t\t\t\t<div class=\"elementor-column elementor-col-25 elementor-inner-column elementor-element elementor-element-443ebc2b\" data-id=\"443ebc2b\" data-element_type=\"column\" data-settings=\"{&quot;background_background&quot;:&quot;classic&quot;}\">\n\t\t\t<div class=\"elementor-widget-wrap elementor-element-populated\">\n\t\t\t\t\t\t<div class=\"elementor-element elementor-element-b25892f elementor-widget elementor-widget-counter\" data-id=\"b25892f\" data-element_type=\"widget\" data-widget_type=\"counter.default\">\n\t\t\t\t\t\t\t<div class=\"elementor-counter\">\n\t\t\t<div class=\"elementor-counter-title\">Years of Experience<\/div>\t\t\t<div class=\"elementor-counter-number-wrapper\">\n\t\t\t\t<span class=\"elementor-counter-number-prefix\"><\/span>\n\t\t\t\t<span class=\"elementor-counter-number\" data-duration=\"2000\" data-to-value=\"20\" data-from-value=\"0\" data-delimiter=\",\">0<\/span>\n\t\t\t\t<span class=\"elementor-counter-number-suffix\">+<\/span>\n\t\t\t<\/div>\n\t\t<\/div>\n\t\t\t\t\t\t<\/div>\n\t\t\t\t\t<\/div>\n\t\t<\/div>\n\t\t\t\t<div class=\"elementor-column elementor-col-25 elementor-inner-column elementor-element elementor-element-137ee037\" data-id=\"137ee037\" data-element_type=\"column\" data-settings=\"{&quot;background_background&quot;:&quot;classic&quot;}\">\n\t\t\t<div class=\"elementor-widget-wrap elementor-element-populated\">\n\t\t\t\t\t\t<div class=\"elementor-element elementor-element-4b064569 elementor-widget elementor-widget-counter\" data-id=\"4b064569\" data-element_type=\"widget\" data-widget_type=\"counter.default\">\n\t\t\t\t\t\t\t<div class=\"elementor-counter\">\n\t\t\t<div class=\"elementor-counter-title\">Experienced Staff<\/div>\t\t\t<div class=\"elementor-counter-number-wrapper\">\n\t\t\t\t<span class=\"elementor-counter-number-prefix\"><\/span>\n\t\t\t\t<span class=\"elementor-counter-number\" data-duration=\"2000\" data-to-value=\"120\" data-from-value=\"0\" data-delimiter=\",\">0<\/span>\n\t\t\t\t<span class=\"elementor-counter-number-suffix\">+<\/span>\n\t\t\t<\/div>\n\t\t<\/div>\n\t\t\t\t\t\t<\/div>\n\t\t\t\t\t<\/div>\n\t\t<\/div>\n\t\t\t\t<div class=\"elementor-column elementor-col-25 elementor-inner-column elementor-element elementor-element-cdbc3aa\" data-id=\"cdbc3aa\" data-element_type=\"column\" data-settings=\"{&quot;background_background&quot;:&quot;classic&quot;}\">\n\t\t\t<div class=\"elementor-widget-wrap elementor-element-populated\">\n\t\t\t\t\t\t<div class=\"elementor-element elementor-element-3f1efd5 elementor-widget elementor-widget-counter\" data-id=\"3f1efd5\" data-element_type=\"widget\" data-widget_type=\"counter.default\">\n\t\t\t\t\t\t\t<div class=\"elementor-counter\">\n\t\t\t<div class=\"elementor-counter-title\">Customer Satisfaction<\/div>\t\t\t<div class=\"elementor-counter-number-wrapper\">\n\t\t\t\t<span class=\"elementor-counter-number-prefix\"><\/span>\n\t\t\t\t<span class=\"elementor-counter-number\" data-duration=\"2000\" data-to-value=\"100\" data-from-value=\"0\" data-delimiter=\",\">0<\/span>\n\t\t\t\t<span class=\"elementor-counter-number-suffix\">%<\/span>\n\t\t\t<\/div>\n\t\t<\/div>\n\t\t\t\t\t\t<\/div>\n\t\t\t\t\t<\/div>\n\t\t<\/div>\n\t\t\t\t<div class=\"elementor-column elementor-col-25 elementor-inner-column elementor-element elementor-element-73c1964f\" data-id=\"73c1964f\" data-element_type=\"column\" data-settings=\"{&quot;background_background&quot;:&quot;classic&quot;}\">\n\t\t\t<div class=\"elementor-widget-wrap elementor-element-populated\">\n\t\t\t\t\t\t<div class=\"elementor-element elementor-element-24b5c6f1 elementor-widget elementor-widget-counter\" data-id=\"24b5c6f1\" data-element_type=\"widget\" data-widget_type=\"counter.default\">\n\t\t\t\t\t\t\t<div class=\"elementor-counter\">\n\t\t\t<div class=\"elementor-counter-title\">On-site Service<\/div>\t\t\t<div class=\"elementor-counter-number-wrapper\">\n\t\t\t\t<span class=\"elementor-counter-number-prefix\"><\/span>\n\t\t\t\t<span class=\"elementor-counter-number\" data-duration=\"2000\" data-to-value=\"1600\" data-from-value=\"0\" data-delimiter=\",\">0<\/span>\n\t\t\t\t<span class=\"elementor-counter-number-suffix\">m\u00b2<\/span>\n\t\t\t<\/div>\n\t\t<\/div>\n\t\t\t\t\t\t<\/div>\n\t\t\t\t\t<\/div>\n\t\t<\/div>\n\t\t\t\t\t<\/div>\n\t\t<\/section>\n\t\t\t\t\t<\/div>\n\t\t<\/div>\n\t\t\t\t\t<\/div>\n\t\t<\/section>\n\t\t\t\t<\/div>\n\t\t","protected":false},"excerpt":{"rendered":"<p>KMU Mehmet Usta ABOUT US With fifteen years of experience, we now serve customers in Cappadocia after Aksaray. As KMU Mehmet Usta, we combine our traditional culinary culture with contemporary presentation techniques to offer our guests a unique gastronomic experience. Our Cappadocia branch is designed to blend in with the region&#8217;s unique natural beauty. With [&hellip;]<\/p>\n","protected":false},"author":1,"featured_media":0,"parent":0,"menu_order":0,"comment_status":"closed","ping_status":"closed","template":"","meta":{"footnotes":""},"class_list":["post-185","page","type-page","status-publish","hentry"],"_links":{"self":[{"href":"https:\/\/www.kmukapadokya.com\/en\/wp-json\/wp\/v2\/pages\/185","targetHints":{"allow":["GET"]}}],"collection":[{"href":"https:\/\/www.kmukapadokya.com\/en\/wp-json\/wp\/v2\/pages"}],"about":[{"href":"https:\/\/www.kmukapadokya.com\/en\/wp-json\/wp\/v2\/types\/page"}],"author":[{"embeddable":true,"href":"https:\/\/www.kmukapadokya.com\/en\/wp-json\/wp\/v2\/users\/1"}],"replies":[{"embeddable":true,"href":"https:\/\/www.kmukapadokya.com\/en\/wp-json\/wp\/v2\/comments?post=185"}],"version-history":[{"count":12,"href":"https:\/\/www.kmukapadokya.com\/en\/wp-json\/wp\/v2\/pages\/185\/revisions"}],"predecessor-version":[{"id":579,"href":"https:\/\/www.kmukapadokya.com\/en\/wp-json\/wp\/v2\/pages\/185\/revisions\/579"}],"wp:attachment":[{"href":"https:\/\/www.kmukapadokya.com\/en\/wp-json\/wp\/v2\/media?parent=185"}],"curies":[{"name":"wp","href":"https:\/\/api.w.org\/{rel}","templated":true}]}}